{"id":7606,"date":"2023-07-10T10:24:07","date_gmt":"2023-07-10T09:24:07","guid":{"rendered":"https:\/\/agroexpouzbekistan.com\/?page_id=7606\/"},"modified":"2025-08-11T12:24:42","modified_gmt":"2025-08-11T11:24:42","slug":"exhibitors-and-products-2024","status":"publish","type":"page","link":"https:\/\/agroexpouzbekistan.com\/ru\/vistavka\/exhibitors-and-products-2024\/","title":{"rendered":"\u0423\u0447\u0430\u0441\u0442\u043d\u0438\u043a\u0438 \u0438 \u043f\u0440\u043e\u0434\u0443\u043a\u0442\u044b 2024"},"content":{"rendered":"\t\t<div data-elementor-type=\"wp-page\" data-elementor-id=\"7606\" class=\"elementor elementor-7606\" data-elementor-post-type=\"page\">\n\t\t\t\t\t\t<section class=\"elementor-section elementor-top-section elementor-element elementor-element-5e930cd5 elementor-section-boxed elementor-section-height-default elementor-section-height-default\" data-id=\"5e930cd5\" data-element_type=\"section\" data-e-type=\"section\">\n\t\t\t\t\t\t<div class=\"elementor-container elementor-column-gap-default\">\n\t\t\t\t\t<div class=\"elementor-column elementor-col-100 elementor-top-column elementor-element elementor-element-781be597\" data-id=\"781be597\" data-element_type=\"column\" data-e-type=\"column\">\n\t\t\t<div class=\"elementor-widget-wrap elementor-element-populated\">\n\t\t\t\t\t\t<section class=\"elementor-section elementor-inner-section elementor-element elementor-element-5e579619 elementor-section-boxed elementor-section-height-default elementor-section-height-default\" data-id=\"5e579619\" data-element_type=\"section\" data-e-type=\"section\">\n\t\t\t\t\t\t<div class=\"elementor-container elementor-column-gap-default\">\n\t\t\t\t\t<div class=\"elementor-column elementor-col-100 elementor-inner-column elementor-element elementor-element-3f268d24\" data-id=\"3f268d24\" data-element_type=\"column\" data-e-type=\"column\">\n\t\t\t<div class=\"elementor-widget-wrap elementor-element-populated\">\n\t\t\t\t\t\t<div class=\"elementor-element elementor-element-31bd7e91 elementor-widget elementor-widget-heading\" data-id=\"31bd7e91\" data-element_type=\"widget\" data-e-type=\"widget\" data-widget_type=\"heading.default\">\n\t\t\t\t<div class=\"elementor-widget-container\">\n\t\t\t\t\t<h1 class=\"elementor-heading-title elementor-size-default\">\u0423\u0447\u0430\u0441\u0442\u043d\u0438\u043a\u0438 \u0438 \u043f\u0440\u043e\u0434\u0443\u043a\u0442\u044b 2024<\/h1>\t\t\t\t<\/div>\n\t\t\t\t<\/div>\n\t\t\t\t<div class=\"elementor-element elementor-element-5f287cc3 elementor-widget-divider--view-line elementor-widget elementor-widget-divider\" data-id=\"5f287cc3\" data-element_type=\"widget\" data-e-type=\"widget\" data-widget_type=\"divider.default\">\n\t\t\t\t<div class=\"elementor-widget-container\">\n\t\t\t\t\t\t\t<div class=\"elementor-divider\">\n\t\t\t<span class=\"elementor-divider-separator\">\n\t\t\t\t\t\t<\/span>\n\t\t<\/div>\n\t\t\t\t\t\t<\/div>\n\t\t\t\t<\/div>\n\t\t\t\t\t<\/div>\n\t\t<\/div>\n\t\t\t\t\t<\/div>\n\t\t<\/section>\n\t\t\t\t<div class=\"elementor-element elementor-element-eb66773 elementor-widget elementor-widget-shortcode\" data-id=\"eb66773\" data-element_type=\"widget\" data-e-type=\"widget\" data-widget_type=\"shortcode.default\">\n\t\t\t\t<div class=\"elementor-widget-container\">\n\t\t\t\t\t\t\t<div class=\"elementor-shortcode\">\n<table id=\"tablepress-46\" class=\"tablepress tablepress-id-46\">\n<thead>\n<tr class=\"row-1\">\n\t<th class=\"column-1\">\u041a\u043e\u043c\u043f\u0430\u043d\u0438\u044f<\/th><th class=\"column-2\">\u0421\u0442\u0440\u0430\u043d\u0430<\/th>\n<\/tr>\n<\/thead>\n<tbody class=\"row-striping row-hover\">\n<tr class=\"row-2\">\n\t<td class=\"column-1\">AFKO METAL TARIM MAKINALARI LTD. STl.<\/td><td class=\"column-2\">Turkey<\/td>\n<\/tr>\n<tr class=\"row-3\">\n\t<td class=\"column-1\">Agravis Tech LLC<\/td><td class=\"column-2\">Germany<\/td>\n<\/tr>\n<tr class=\"row-4\">\n\t<td class=\"column-1\">AGR\u0130CONNECT ULUSLARARASI MEDYA DANI\u015eMANLIK ORGAN\u0130ZASYON L\u0130M\u0130TED \u015e\u0130RKET\u0130<\/td><td class=\"column-2\">Turkey<\/td>\n<\/tr>\n<tr class=\"row-5\">\n\t<td class=\"column-1\">AGROMAX-NOVAPEAT<\/td><td class=\"column-2\">Russia<\/td>\n<\/tr>\n<tr class=\"row-6\">\n\t<td class=\"column-1\">Akhgar tabesh iranian<\/td><td class=\"column-2\">Iran<\/td>\n<\/tr>\n<tr class=\"row-7\">\n\t<td class=\"column-1\">Anhui Irritech Agriculture Equipment Corporation Limited<\/td><td class=\"column-2\">CHINA<\/td>\n<\/tr>\n<tr class=\"row-8\">\n\t<td class=\"column-1\">Arya sarve sepehre alvand<\/td><td class=\"column-2\">Iran<\/td>\n<\/tr>\n<tr class=\"row-9\">\n\t<td class=\"column-1\">August<\/td><td class=\"column-2\">Russia<\/td>\n<\/tr>\n<tr class=\"row-10\">\n\t<td class=\"column-1\">Baspar kavoshgare amin<\/td><td class=\"column-2\">Iran<\/td>\n<\/tr>\n<tr class=\"row-11\">\n\t<td class=\"column-1\">Blue Green Group Asia Pacific Chemicals Co., Ltd.<\/td><td class=\"column-2\">CHINA<\/td>\n<\/tr>\n<tr class=\"row-12\">\n\t<td class=\"column-1\">Bohnenkamp<\/td><td class=\"column-2\">Germany<\/td>\n<\/tr>\n<tr class=\"row-13\">\n\t<td class=\"column-1\">Buschhoff GmbH &amp; Co.<\/td><td class=\"column-2\">Germany<\/td>\n<\/tr>\n<tr class=\"row-14\">\n\t<td class=\"column-1\">BvL - Bernard van Lengerich GmbH &amp; Co. KG<\/td><td class=\"column-2\">Germany<\/td>\n<\/tr>\n<tr class=\"row-15\">\n\t<td class=\"column-1\">CA.RE.DI<\/td><td class=\"column-2\">ITALY<\/td>\n<\/tr>\n<tr class=\"row-16\">\n\t<td class=\"column-1\">Caisley International GmbH<\/td><td class=\"column-2\">Germany<\/td>\n<\/tr>\n<tr class=\"row-17\">\n\t<td class=\"column-1\">CHINA - AgrochemBIZ<\/td><td class=\"column-2\">CHINA<\/td>\n<\/tr>\n<tr class=\"row-18\">\n\t<td class=\"column-1\">Danesh mive khavarmiane<\/td><td class=\"column-2\">Iran<\/td>\n<\/tr>\n<tr class=\"row-19\">\n\t<td class=\"column-1\">De Laval<\/td><td class=\"column-2\">Kazakhstan<\/td>\n<\/tr>\n<tr class=\"row-20\">\n\t<td class=\"column-1\">Eksir amin tak asia<\/td><td class=\"column-2\">Iran<\/td>\n<\/tr>\n<tr class=\"row-21\">\n\t<td class=\"column-1\">FASCAR<\/td><td class=\"column-2\">China<\/td>\n<\/tr>\n<tr class=\"row-22\">\n\t<td class=\"column-1\">FoodPack<\/td><td class=\"column-2\">Russia<\/td>\n<\/tr>\n<tr class=\"row-23\">\n\t<td class=\"column-1\">GERMANY - AUMA \u2013 Association of the German Trade Fair Industry<\/td><td class=\"column-2\">Germany<\/td>\n<\/tr>\n<tr class=\"row-24\">\n\t<td class=\"column-1\">GERMANY - Federal Ministry of Food and Agriculture<\/td><td class=\"column-2\">Germany<\/td>\n<\/tr>\n<tr class=\"row-25\">\n\t<td class=\"column-1\">Handelsonderneming VDK-Agri B.V<\/td><td class=\"column-2\">Russia<\/td>\n<\/tr>\n<tr class=\"row-26\">\n\t<td class=\"column-1\">Hangjin Houqi Changsheng Machinery Co., Ltd<\/td><td class=\"column-2\">China<\/td>\n<\/tr>\n<tr class=\"row-27\">\n\t<td class=\"column-1\">HEBEI NIUBOSHI MECHANICAL EQUIPMENT CO., LTD<\/td><td class=\"column-2\">China<\/td>\n<\/tr>\n<tr class=\"row-28\">\n\t<td class=\"column-1\">HEBEI RUNBANG IMP. &amp; EXP. TRADE CO.,LTD <\/td><td class=\"column-2\">China<\/td>\n<\/tr>\n<tr class=\"row-29\">\n\t<td class=\"column-1\">Henan Yutuo Agricultural Technology Co., Ltd<\/td><td class=\"column-2\">CHINA<\/td>\n<\/tr>\n<tr class=\"row-30\">\n\t<td class=\"column-1\">Himel Maschinen GmbH<\/td><td class=\"column-2\">Germany<\/td>\n<\/tr>\n<tr class=\"row-31\">\n\t<td class=\"column-1\">HIROM Co<\/td><td class=\"column-2\">Koreya<\/td>\n<\/tr>\n<tr class=\"row-32\">\n\t<td class=\"column-1\">Horst Serviss Ltd<\/td><td class=\"column-2\">LATVIA<\/td>\n<\/tr>\n<tr class=\"row-33\">\n\t<td class=\"column-1\">Huizhou Yuchen Ecological Manor Co., Ltd<\/td><td class=\"column-2\">CHINA<\/td>\n<\/tr>\n<tr class=\"row-34\">\n\t<td class=\"column-1\">Idol Plasto Pvt. Ltd. - Idol pipe <\/td><td class=\"column-2\">INDIA<\/td>\n<\/tr>\n<tr class=\"row-35\">\n\t<td class=\"column-1\">Inner  Mongolia  Jinmai Elevating  Technology  Co.,Ltd<\/td><td class=\"column-2\">CHINA<\/td>\n<\/tr>\n<tr class=\"row-36\">\n\t<td class=\"column-1\">INNER MONGOLIA CHENBO TRADING CO.,LTD<\/td><td class=\"column-2\">China<\/td>\n<\/tr>\n<tr class=\"row-37\">\n\t<td class=\"column-1\">Inner Mongolia Zhongqing Agricultural Machinery Manufacturing Co., Ltd.<\/td><td class=\"column-2\">China<\/td>\n<\/tr>\n<tr class=\"row-38\">\n\t<td class=\"column-1\">Inner Mongolian Hua De Grass Cutting Machinery Ltd.<\/td><td class=\"column-2\">CHINA<\/td>\n<\/tr>\n<tr class=\"row-39\">\n\t<td class=\"column-1\">IP OOO \"UZCASEMASH\"<\/td><td class=\"column-2\">Uzbekistan<\/td>\n<\/tr>\n<tr class=\"row-40\">\n\t<td class=\"column-1\">Jiangsu Gushi Biogood CO., LTD. <\/td><td class=\"column-2\">China<\/td>\n<\/tr>\n<tr class=\"row-41\">\n\t<td class=\"column-1\">Jiangsu Inter-China Group Corporation<\/td><td class=\"column-2\">China<\/td>\n<\/tr>\n<tr class=\"row-42\">\n\t<td class=\"column-1\">JIANGSU SINAMYANG INTERNATIONAL GROUP CO.,LTD.<\/td><td class=\"column-2\">China<\/td>\n<\/tr>\n<tr class=\"row-43\">\n\t<td class=\"column-1\">JIANGSU WORLD AGRICULTURE MACHINERY (FPI)<\/td><td class=\"column-2\">Uzbekistan<\/td>\n<\/tr>\n<tr class=\"row-44\">\n\t<td class=\"column-1\">Jinan Fengmian Machinery Equipment Co., Ltd<\/td><td class=\"column-2\">China<\/td>\n<\/tr>\n<tr class=\"row-45\">\n\t<td class=\"column-1\">Joyvio Beidahuang Agricultural Holdings Limited<\/td><td class=\"column-2\">China<\/td>\n<\/tr>\n<tr class=\"row-46\">\n\t<td class=\"column-1\">Keshavarzyar robatik sharif<\/td><td class=\"column-2\">Iran<\/td>\n<\/tr>\n<tr class=\"row-47\">\n\t<td class=\"column-1\">Keshtab paydar zanjan<\/td><td class=\"column-2\">Iran<\/td>\n<\/tr>\n<tr class=\"row-48\">\n\t<td class=\"column-1\">Kombainsazi zarin boujar<\/td><td class=\"column-2\">Iran<\/td>\n<\/tr>\n<tr class=\"row-49\">\n\t<td class=\"column-1\">Maschinenfabrik Bernard Krone GmbH &amp; Co. KG<\/td><td class=\"column-2\">Germany<\/td>\n<\/tr>\n<tr class=\"row-50\">\n\t<td class=\"column-1\">Maxfield Chemical Limited<\/td><td class=\"column-2\">China<\/td>\n<\/tr>\n<tr class=\"row-51\">\n\t<td class=\"column-1\">Mojtama shimiaei bistoon kermanshah<\/td><td class=\"column-2\">Iran<\/td>\n<\/tr>\n<tr class=\"row-52\">\n\t<td class=\"column-1\">Moshavere ab taghzieh yara golkhane hanan<\/td><td class=\"column-2\">Iran<\/td>\n<\/tr>\n<tr class=\"row-53\">\n\t<td class=\"column-1\">MOST MODERN SUT TEK.HAY.GIDA A.S<\/td><td class=\"column-2\">Turkey<\/td>\n<\/tr>\n<tr class=\"row-54\">\n\t<td class=\"column-1\">Nanjing Bioagriland Crop Care Co., Ltd.<\/td><td class=\"column-2\">China<\/td>\n<\/tr>\n<tr class=\"row-55\">\n\t<td class=\"column-1\">Nano vahed sanat pershia<\/td><td class=\"column-2\">Iran<\/td>\n<\/tr>\n<tr class=\"row-56\">\n\t<td class=\"column-1\">Nantong Dingbur Seaweeds &amp; Foods Co., Ltd <\/td><td class=\"column-2\">CHINA<\/td>\n<\/tr>\n<tr class=\"row-57\">\n\t<td class=\"column-1\">NINGBO JIANGYING ELECTRICAL INDUSTRY CO.,LTD. <\/td><td class=\"column-2\">China<\/td>\n<\/tr>\n<tr class=\"row-58\">\n\t<td class=\"column-1\">Ningbo Sunjoy Agroscience Co., Ltd.<\/td><td class=\"column-2\">China<\/td>\n<\/tr>\n<tr class=\"row-59\">\n\t<td class=\"column-1\">OOO PLANETA SERVIS<\/td><td class=\"column-2\">Uzbekistan<\/td>\n<\/tr>\n<tr class=\"row-60\">\n\t<td class=\"column-1\">OOO RASAYANA<\/td><td class=\"column-2\">Uzbekistan<\/td>\n<\/tr>\n<tr class=\"row-61\">\n\t<td class=\"column-1\">OOO UzCLAAS AGRO<\/td><td class=\"column-2\">Uzbekistan<\/td>\n<\/tr>\n<tr class=\"row-62\">\n\t<td class=\"column-1\">OXUS MACHINERY<\/td><td class=\"column-2\">Uzbekistan<\/td>\n<\/tr>\n<tr class=\"row-63\">\n\t<td class=\"column-1\">OXUS MACHINERY<\/td><td class=\"column-2\">Uzbekistan<\/td>\n<\/tr>\n<tr class=\"row-64\">\n\t<td class=\"column-1\">OZAY GROUP TARIM LIMITED \u015eIRKETI <\/td><td class=\"column-2\">Turkey<\/td>\n<\/tr>\n<tr class=\"row-65\">\n\t<td class=\"column-1\">\u00d6ZEN I\u015e TAR.ZiR.MAK.OTO.DI\u015e TIC.L TD. \u015eTI<\/td><td class=\"column-2\">Turkey<\/td>\n<\/tr>\n<tr class=\"row-66\">\n\t<td class=\"column-1\">Parto tap rayan<\/td><td class=\"column-2\">Iran<\/td>\n<\/tr>\n<tr class=\"row-67\">\n\t<td class=\"column-1\">Pertikan bazr gostar<\/td><td class=\"column-2\">Iran<\/td>\n<\/tr>\n<tr class=\"row-68\">\n\t<td class=\"column-1\">Petkus Technologie GmbH<\/td><td class=\"column-2\">Germany<\/td>\n<\/tr>\n<tr class=\"row-69\">\n\t<td class=\"column-1\">POLYMYA<\/td><td class=\"column-2\">Russia<\/td>\n<\/tr>\n<tr class=\"row-70\">\n\t<td class=\"column-1\">Pro Trade Global FZE <\/td><td class=\"column-2\">UAE<\/td>\n<\/tr>\n<tr class=\"row-71\">\n\t<td class=\"column-1\">PromInvestService<\/td><td class=\"column-2\">Ukraine<\/td>\n<\/tr>\n<tr class=\"row-72\">\n\t<td class=\"column-1\">Qingdao Jiner Agrochemical R&amp;D Co.,Ltd<\/td><td class=\"column-2\">China<\/td>\n<\/tr>\n<tr class=\"row-73\">\n\t<td class=\"column-1\">Qingdao Kaineng Environmental Protection Technology Co., Ltd.<\/td><td class=\"column-2\">China<\/td>\n<\/tr>\n<tr class=\"row-74\">\n\t<td class=\"column-1\">Qingdao Runhua Agricultural Technology Co., Ltd<\/td><td class=\"column-2\">China<\/td>\n<\/tr>\n<tr class=\"row-75\">\n\t<td class=\"column-1\">Qingdao Zhonghengda Machinery Co.,Ltd<\/td><td class=\"column-2\">China<\/td>\n<\/tr>\n<tr class=\"row-76\">\n\t<td class=\"column-1\">QINGZHOU ZERUI AGRICULTURAL TECHNOLOGY CO., LTD.<\/td><td class=\"column-2\">CHINA<\/td>\n<\/tr>\n<tr class=\"row-77\">\n\t<td class=\"column-1\">Qinhuangdao Yanma Technology Co.,Ltd.<\/td><td class=\"column-2\">CHINA<\/td>\n<\/tr>\n<tr class=\"row-78\">\n\t<td class=\"column-1\">Raiffeisen Waren FE LLC<\/td><td class=\"column-2\">Usbeksitan\/ Germany<\/td>\n<\/tr>\n<tr class=\"row-79\">\n\t<td class=\"column-1\">Reputer<\/td><td class=\"column-2\">INDIA<\/td>\n<\/tr>\n<tr class=\"row-80\">\n\t<td class=\"column-1\">RIJDER CIS<\/td><td class=\"column-2\">Russia<\/td>\n<\/tr>\n<tr class=\"row-81\">\n\t<td class=\"column-1\">R\u00f6hren- und Pumpenwerk Bauer Deutschland Vertriebs-Gesellschaft m.b.H.<\/td><td class=\"column-2\">Germany<\/td>\n<\/tr>\n<tr class=\"row-82\">\n\t<td class=\"column-1\">ROPA Fahrzeug- und Maschinenbau GmbH\t<\/td><td class=\"column-2\">Germany<\/td>\n<\/tr>\n<tr class=\"row-83\">\n\t<td class=\"column-1\">ROSTSELMASH<\/td><td class=\"column-2\">Russia<\/td>\n<\/tr>\n<tr class=\"row-84\">\n\t<td class=\"column-1\">Saatbau Linz eGen<\/td><td class=\"column-2\">Austria<\/td>\n<\/tr>\n<tr class=\"row-85\">\n\t<td class=\"column-1\">SHANDONG JINGU FOOD PROCESSING MACHINE CO.,L TD<\/td><td class=\"column-2\">China<\/td>\n<\/tr>\n<tr class=\"row-86\">\n\t<td class=\"column-1\">SHANDONG LANCOR IMPORT&amp;EXPORT CO., LTD.<\/td><td class=\"column-2\">China<\/td>\n<\/tr>\n<tr class=\"row-87\">\n\t<td class=\"column-1\">Shandong Longchang New Material Technology Co.,Ltd.<\/td><td class=\"column-2\">CHINA<\/td>\n<\/tr>\n<tr class=\"row-88\">\n\t<td class=\"column-1\">Shandong Longyin Plastic Technology Co., Ltd.<\/td><td class=\"column-2\">CHINA<\/td>\n<\/tr>\n<tr class=\"row-89\">\n\t<td class=\"column-1\">Shandong Mingshun Intelligent Equiemnt Co.,Ltd   <\/td><td class=\"column-2\">CHINA<\/td>\n<\/tr>\n<tr class=\"row-90\">\n\t<td class=\"column-1\">Shandong Yishunhe Agricultural Technology Co., Ltd<\/td><td class=\"column-2\">CHINA<\/td>\n<\/tr>\n<tr class=\"row-91\">\n\t<td class=\"column-1\">Shanghai AllyNav Technology Co., Ltd.<\/td><td class=\"column-2\">China<\/td>\n<\/tr>\n<tr class=\"row-92\">\n\t<td class=\"column-1\">Shanghai Baoxing Bio-engineering Equipment Co., Ltd.<\/td><td class=\"column-2\">CHINA<\/td>\n<\/tr>\n<tr class=\"row-93\">\n\t<td class=\"column-1\">Shisheng Machinery Manufacturing Co., Ltd<\/td><td class=\"column-2\">CHINA<\/td>\n<\/tr>\n<tr class=\"row-94\">\n\t<td class=\"column-1\">SIN0 AGR0-CHEMICAL INDUSTRYY LTD.<\/td><td class=\"column-2\">China<\/td>\n<\/tr>\n<tr class=\"row-95\">\n\t<td class=\"column-1\">soroush sabz Alborz Co.<\/td><td class=\"column-2\">Iran<\/td>\n<\/tr>\n<tr class=\"row-96\">\n\t<td class=\"column-1\">SP OOO LEMKEN CHIRCHIQ<\/td><td class=\"column-2\">Uzbekistan<\/td>\n<\/tr>\n<tr class=\"row-97\">\n\t<td class=\"column-1\">TAIZHOU DURABELT CO.,LTD.<\/td><td class=\"column-2\">China<\/td>\n<\/tr>\n<tr class=\"row-98\">\n\t<td class=\"column-1\">Technik Umwelt Vertrieb BG GmbH<\/td><td class=\"column-2\">Germany<\/td>\n<\/tr>\n<tr class=\"row-99\">\n\t<td class=\"column-1\">Tirth Agro Technology (Shaktiman)<\/td><td class=\"column-2\">INDIA<\/td>\n<\/tr>\n<tr class=\"row-100\">\n\t<td class=\"column-1\">Tirth Agro Technology (Shaktiman)<\/td><td class=\"column-2\">INDIA<\/td>\n<\/tr>\n<tr class=\"row-101\">\n\t<td class=\"column-1\">TOO BLACK BIOTECHNOLOGY<\/td><td class=\"column-2\">Kazakhstan<\/td>\n<\/tr>\n<tr class=\"row-102\">\n\t<td class=\"column-1\">Trustchem Co., Ltd.<\/td><td class=\"column-2\">CHINA<\/td>\n<\/tr>\n<tr class=\"row-103\">\n\t<td class=\"column-1\">TTZ<\/td><td class=\"column-2\">Uzbekistan<\/td>\n<\/tr>\n<tr class=\"row-104\">\n\t<td class=\"column-1\">Urbinati srl<\/td><td class=\"column-2\">Italy<\/td>\n<\/tr>\n<tr class=\"row-105\">\n\t<td class=\"column-1\">Vivai Viticoli Trentini<\/td><td class=\"column-2\">ITALY<\/td>\n<\/tr>\n<tr class=\"row-106\">\n\t<td class=\"column-1\">Weifang Huaxia tractor manufacturing Co., LTD<\/td><td class=\"column-2\">CHINA<\/td>\n<\/tr>\n<tr class=\"row-107\">\n\t<td class=\"column-1\">Zhejiang Zhongshan Chemical Industry Group Co., Ltd.<\/td><td class=\"column-2\">China<\/td>\n<\/tr>\n<tr class=\"row-108\">\n\t<td class=\"column-1\">ZHENGZHOU MCT INTERNATIONAL CO., LTD<\/td><td class=\"column-2\">CHINA<\/td>\n<\/tr>\n<tr class=\"row-109\">\n\t<td class=\"column-1\">Zistfanavar javan azarbayjan<\/td><td class=\"column-2\">Iran<\/td>\n<\/tr>\n<tr class=\"row-110\">\n\t<td class=\"column-1\">Zui Hao De Xiongdi<\/td><td class=\"column-2\">Uzbekistan<\/td>\n<\/tr>\n<tr class=\"row-111\">\n\t<td class=\"column-1\">\u0410\u041e \u0423\u0417\u0410\u0413\u0420\u041e\u041b\u0418\u0417\u0418\u041d\u0413<\/td><td class=\"column-2\">Uzbekistan<\/td>\n<\/tr>\n<tr class=\"row-112\">\n\t<td class=\"column-1\">\u0418\u041f \u041e\u041e\u041e \"UZCASEMASH\"<\/td><td class=\"column-2\">Uzbekistan<\/td>\n<\/tr>\n<tr class=\"row-113\">\n\t<td class=\"column-1\">\u041e\u041e\u041e IFT INNOVATION <\/td><td class=\"column-2\">Uzbekistan<\/td>\n<\/tr>\n<tr class=\"row-114\">\n\t<td class=\"column-1\">\u041e\u041e\u041e MILK TEX PROFI<\/td><td class=\"column-2\">Uzbekistan<\/td>\n<\/tr>\n<tr class=\"row-115\">\n\t<td class=\"column-1\">\u041e\u041e\u041e \u0410\u041b\u041c\u0410\u0417\u0421\u0415\u041b\u042c\u041c\u0410\u0428 <\/td><td class=\"column-2\">Russia<\/td>\n<\/tr>\n<tr class=\"row-116\">\n\t<td class=\"column-1\">\u041f\u0420\u041e\u041e\u041d<\/td><td class=\"column-2\">Uzbekistan<\/td>\n<\/tr>\n<tr class=\"row-117\">\n\t<td class=\"column-1\">\u0421\u041f \u041e\u041e\u041e AWINER AGRO<\/td><td class=\"column-2\">Uzbekistan<\/td>\n<\/tr>\n<tr class=\"row-118\">\n\t<td class=\"column-1\">\u0421\u041f \u041e\u041e\u041e LEMKEN CHIRCHIQ<\/td><td class=\"column-2\">Uzbekistan<\/td>\n<\/tr>\n<tr class=\"row-119\">\n\t<td class=\"column-1\">\u0421\u041f \u041e\u041e\u041e PENG SHENG  CROP PROTECTION<\/td><td class=\"column-2\">Uzbekistan<\/td>\n<\/tr>\n<tr class=\"row-120\">\n\t<td class=\"column-1\">\u0427\u041f AGROHIMPRODUCT<\/td><td class=\"column-2\">Uzbekistan<\/td>\n<\/tr>\n<\/tbody>\n<\/table>\n<!-- #tablepress-46 from cache --><\/div>\n\t\t\t\t\t\t<\/div>\n\t\t\t\t<\/div>\n\t\t\t\t\t<\/div>\n\t\t<\/div>\n\t\t\t\t\t<\/div>\n\t\t<\/section>\n\t\t\t\t<\/div>\n\t\t","protected":false},"excerpt":{"rendered":"<p>\u0423\u0447\u0430\u0441\u0442\u043d\u0438\u043a\u0438 \u0438 \u043f\u0440\u043e\u0434\u0443\u043a\u0442\u044b 2024<\/p>\n","protected":false},"author":1,"featured_media":0,"parent":4159,"menu_order":0,"comment_status":"closed","ping_status":"closed","template":"","meta":{"_acf_changed":false,"footnotes":""},"class_list":["post-7606","page","type-page","status-publish","hentry"],"acf":[],"_links":{"self":[{"href":"https:\/\/agroexpouzbekistan.com\/ru\/wp-json\/wp\/v2\/pages\/7606","targetHints":{"allow":["GET"]}}],"collection":[{"href":"https:\/\/agroexpouzbekistan.com\/ru\/wp-json\/wp\/v2\/pages"}],"about":[{"href":"https:\/\/agroexpouzbekistan.com\/ru\/wp-json\/wp\/v2\/types\/page"}],"author":[{"embeddable":true,"href":"https:\/\/agroexpouzbekistan.com\/ru\/wp-json\/wp\/v2\/users\/1"}],"replies":[{"embeddable":true,"href":"https:\/\/agroexpouzbekistan.com\/ru\/wp-json\/wp\/v2\/comments?post=7606"}],"version-history":[{"count":0,"href":"https:\/\/agroexpouzbekistan.com\/ru\/wp-json\/wp\/v2\/pages\/7606\/revisions"}],"up":[{"embeddable":true,"href":"https:\/\/agroexpouzbekistan.com\/ru\/wp-json\/wp\/v2\/pages\/4159"}],"wp:attachment":[{"href":"https:\/\/agroexpouzbekistan.com\/ru\/wp-json\/wp\/v2\/media?parent=7606"}],"curies":[{"name":"wp","href":"https:\/\/api.w.org\/{rel}","templated":true}]}}